{"id":11,"date":"2020-02-27T15:19:03","date_gmt":"2020-02-27T15:19:03","guid":{"rendered":"http:\/\/reparacioneskairos.com\/?page_id=11"},"modified":"2020-04-22T15:13:32","modified_gmt":"2020-04-22T15:13:32","slug":"sobre-nosotros","status":"publish","type":"page","link":"https:\/\/reparacioneskairos.com\/?page_id=11","title":{"rendered":"Sobre nosotros"},"content":{"rendered":"\n<div style=\"height:39px\" aria-hidden=\"true\" class=\"wp-block-spacer\"><\/div>\n\n\n\n<p style=\"font-size:18px\">En&nbsp;<strong>Reparaciones KAIROS<\/strong>&nbsp;nos dedicamos a prestar servicios de reparaciones durante las 24 horas. Abarcamos toda la provincia de&nbsp;<strong>Sevilla<\/strong>. Nuestro equipo est\u00e1 formado por los mejores profesionales del sector, con una amplia experiencia y una alta cualificaci\u00f3n.<\/p>\n\n\n\n<div style=\"height:39px\" aria-hidden=\"true\" class=\"wp-block-spacer\"><\/div>\n\n\n\n<p style=\"font-size:26px\"><strong>Somos especialistas en&#8230;<\/strong><\/p>\n\n\n\n<p style=\"font-size:18px\"><strong>Reparaciones KAIROS<\/strong>,  es una empresa especializada en <strong>localizaci\u00f3n de fugas<\/strong>. Disponemos de maquinaria de \u00faltima generaci\u00f3n. Higr\u00f3metros, ge\u00f3fonos, gas trazador, c\u00e1mara termogr\u00e1fica, c\u00e1maras de inspecci\u00f3n, endoscopias y mucho m\u00e1s. Todo lo necesario para garantizar la localizaci\u00f3n de la fuga, sea cual sea. Garantizamos la localizaci\u00f3n de el 100% de las fugas.<\/p>\n\n\n\n<figure class=\"wp-block-image size-large\"><img loading=\"lazy\" decoding=\"async\" width=\"999\" height=\"226\" src=\"https:\/\/reparacioneskairos.com\/wp-content\/uploads\/2020\/04\/deteccion_fugas2.png\" alt=\"\" class=\"wp-image-141\" srcset=\"https:\/\/reparacioneskairos.com\/wp-content\/uploads\/2020\/04\/deteccion_fugas2.png 999w, https:\/\/reparacioneskairos.com\/wp-content\/uploads\/2020\/04\/deteccion_fugas2-300x68.png 300w, https:\/\/reparacioneskairos.com\/wp-content\/uploads\/2020\/04\/deteccion_fugas2-768x174.png 768w\" sizes=\"auto, (max-width: 999px) 100vw, 999px\" \/><\/figure>\n\n\n\n<div style=\"height:39px\" aria-hidden=\"true\" class=\"wp-block-spacer\"><\/div>\n\n\n\n<div class=\"wp-block-image\"><figure class=\"alignleft size-large is-resized\"><img loading=\"lazy\" decoding=\"async\" src=\"https:\/\/reparacioneskairos.com\/wp-content\/uploads\/2020\/04\/desatranco-1024x574.png\" alt=\"\" class=\"wp-image-124\" width=\"443\" height=\"248\" srcset=\"https:\/\/reparacioneskairos.com\/wp-content\/uploads\/2020\/04\/desatranco-1024x574.png 1024w, https:\/\/reparacioneskairos.com\/wp-content\/uploads\/2020\/04\/desatranco-300x168.png 300w, https:\/\/reparacioneskairos.com\/wp-content\/uploads\/2020\/04\/desatranco-768x430.png 768w, https:\/\/reparacioneskairos.com\/wp-content\/uploads\/2020\/04\/desatranco.png 1244w\" sizes=\"auto, (max-width: 443px) 100vw, 443px\" \/><\/figure><\/div>\n\n\n\n<p style=\"font-size:18px\">Tambi\u00e9n tenemos nuestro equipo de desatranco. Disponemos de veh\u00edculos con m\u00e1quinas as presi\u00f3n, port\u00e1tiles y fijas, para poder garantizar con total confianza el desatranco y limpieza de todos los atascos.<\/p>\n\n\n\n<div style=\"height:39px\" aria-hidden=\"true\" class=\"wp-block-spacer\"><\/div>\n\n\n\n<p style=\"font-size:26px\"><strong>Nuestras instalaciones<\/strong><\/p>\n\n\n\n<p style=\"font-size:18px\">En nuestras instalaciones contamos con un equipo de tramitadores profesionales con gran experiencia, que est\u00e1n esperando su llamada para poder atenderle y dar soluci\u00f3n a sus necesidades. Priorizamos el poder hacer una gesti\u00f3n \u00e1gil y r\u00e1pida. Buscamos siempre la satisfacci\u00f3n total de nuestros clientes.<\/p>\n\n\n\n<figure class=\"wp-block-image size-large\"><img loading=\"lazy\" decoding=\"async\" width=\"1024\" height=\"551\" src=\"https:\/\/reparacioneskairos.com\/wp-content\/uploads\/2020\/04\/isntalaciones-1024x551.png\" alt=\"\" class=\"wp-image-174\" srcset=\"https:\/\/reparacioneskairos.com\/wp-content\/uploads\/2020\/04\/isntalaciones-1024x551.png 1024w, https:\/\/reparacioneskairos.com\/wp-content\/uploads\/2020\/04\/isntalaciones-300x162.png 300w, https:\/\/reparacioneskairos.com\/wp-content\/uploads\/2020\/04\/isntalaciones-768x414.png 768w, https:\/\/reparacioneskairos.com\/wp-content\/uploads\/2020\/04\/isntalaciones.png 1235w\" sizes=\"auto, (max-width: 1024px) 100vw, 1024px\" \/><\/figure>\n\n\n\n<div style=\"height:64px\" aria-hidden=\"true\" class=\"wp-block-spacer\"><\/div>\n\n\n\n<h4 class=\"has-text-align-center wp-block-heading\"><strong>\u00a1Contacta con nosotros!<\/strong><\/h4>\n\n\n\n<div class=\"wp-block-image\"><figure class=\"aligncenter size-large is-resized\"><img loading=\"lazy\" decoding=\"async\" src=\"https:\/\/reparacioneskairos.com\/wp-content\/uploads\/2020\/04\/contacto3.png\" alt=\"\" class=\"wp-image-180\" width=\"248\" height=\"113\" srcset=\"https:\/\/reparacioneskairos.com\/wp-content\/uploads\/2020\/04\/contacto3.png 699w, https:\/\/reparacioneskairos.com\/wp-content\/uploads\/2020\/04\/contacto3-300x137.png 300w\" sizes=\"auto, (max-width: 248px) 100vw, 248px\" \/><\/figure><\/div>\n\n\n\n<p class=\"has-text-align-center has-medium-font-size\">Ll\u00e1manos al  <strong>954788719<\/strong>, o tambi\u00e9n puedes ponerte en contacto en nuestra direcci\u00f3n de correo electr\u00f3nico <strong>info@reparacioneskairos.es<\/strong><\/p>\n","protected":false},"excerpt":{"rendered":"<p>En&nbsp;Reparaciones KAIROS&nbsp;nos dedicamos a prestar servicios de reparaciones durante las 24 horas. Abarcamos toda la provincia de&nbsp;Sevilla. Nuestro equipo est\u00e1 formado por los mejores profesionales del sector, con una amplia experiencia y una alta cualificaci\u00f3n. Somos especialistas en&#8230; Reparaciones KAIROS, es una empresa especializada en localizaci\u00f3n de fugas. Disponemos de maquinaria de \u00faltima generaci\u00f3n. Higr\u00f3metros, [&hellip;]<\/p>\n","protected":false},"author":1,"featured_media":0,"parent":0,"menu_order":0,"comment_status":"closed","ping_status":"closed","template":"","meta":{"footnotes":""},"class_list":["post-11","page","type-page","status-publish","hentry"],"jetpack_sharing_enabled":true,"_links":{"self":[{"href":"https:\/\/reparacioneskairos.com\/index.php?rest_route=\/wp\/v2\/pages\/11","targetHints":{"allow":["GET"]}}],"collection":[{"href":"https:\/\/reparacioneskairos.com\/index.php?rest_route=\/wp\/v2\/pages"}],"about":[{"href":"https:\/\/reparacioneskairos.com\/index.php?rest_route=\/wp\/v2\/types\/page"}],"author":[{"embeddable":true,"href":"https:\/\/reparacioneskairos.com\/index.php?rest_route=\/wp\/v2\/users\/1"}],"replies":[{"embeddable":true,"href":"https:\/\/reparacioneskairos.com\/index.php?rest_route=%2Fwp%2Fv2%2Fcomments&post=11"}],"version-history":[{"count":23,"href":"https:\/\/reparacioneskairos.com\/index.php?rest_route=\/wp\/v2\/pages\/11\/revisions"}],"predecessor-version":[{"id":200,"href":"https:\/\/reparacioneskairos.com\/index.php?rest_route=\/wp\/v2\/pages\/11\/revisions\/200"}],"wp:attachment":[{"href":"https:\/\/reparacioneskairos.com\/index.php?rest_route=%2Fwp%2Fv2%2Fmedia&parent=11"}],"curies":[{"name":"wp","href":"https:\/\/api.w.org\/{rel}","templated":true}]}}