{"id":12,"date":"2020-02-27T15:19:03","date_gmt":"2020-02-27T15:19:03","guid":{"rendered":"http:\/\/reparacioneskairos.com\/?page_id=12"},"modified":"2020-04-22T15:47:43","modified_gmt":"2020-04-22T15:47:43","slug":"servicios","status":"publish","type":"page","link":"https:\/\/reparacioneskairos.com\/?page_id=12","title":{"rendered":"Servicios"},"content":{"rendered":"\n<div style=\"height:50px\" aria-hidden=\"true\" class=\"wp-block-spacer\"><\/div>\n\n\n\n<h4 class=\"wp-block-heading\">Mantenimiento del hogar, reparaciones y reformas<\/h4>\n\n\n\n<p style=\"font-size:18px\">En Reparaciones KAIROS cuentas con el mejor apoyo para resolver las necesidades de mantenimiento de tu hogar. Desde las labores m\u00e1s sencillas como colgar un cuadro hasta reformas integrales de viviendas. Siempre de la mano de profesionales de confianza y con la garant\u00eda de contar con el respaldo de una empresa como Reparaciones KAIROS. Todos los gremios y especialidades en una sola llamada y sin preocuparte por nada m\u00e1s.<\/p>\n\n\n\n<div class=\"wp-block-image\"><figure class=\"alignleft size-large is-resized\"><img loading=\"lazy\" decoding=\"async\" src=\"https:\/\/reparacioneskairos.com\/wp-content\/uploads\/2020\/04\/servicios2-1024x842.png\" alt=\"\" class=\"wp-image-167\" width=\"898\" height=\"738\" srcset=\"https:\/\/reparacioneskairos.com\/wp-content\/uploads\/2020\/04\/servicios2-1024x842.png 1024w, https:\/\/reparacioneskairos.com\/wp-content\/uploads\/2020\/04\/servicios2-300x247.png 300w, https:\/\/reparacioneskairos.com\/wp-content\/uploads\/2020\/04\/servicios2-768x632.png 768w, https:\/\/reparacioneskairos.com\/wp-content\/uploads\/2020\/04\/servicios2.png 1156w\" sizes=\"auto, (max-width: 898px) 100vw, 898px\" \/><\/figure><\/div>\n\n\n\n<div style=\"height:50px\" aria-hidden=\"true\" class=\"wp-block-spacer\"><\/div>\n\n\n\n<h4 class=\"wp-block-heading\">\u00abManitas\u00bb a domicilio<\/h4>\n\n\n\n<p style=\"font-size:18px\">Para todas esas labores cotidianas que a veces se nos atragantan cuenta con el apoyo de Reparaciones KAIROS. Desde colgar un cuadro, colocar un enchufe o peque\u00f1os trabajos de bricolaje.<\/p>\n\n\n\n<div class=\"wp-block-image\"><figure class=\"aligncenter size-large\"><img loading=\"lazy\" decoding=\"async\" width=\"1024\" height=\"138\" src=\"https:\/\/reparacioneskairos.com\/wp-content\/uploads\/2020\/04\/reparaciones-alquiler3-1024x138.jpg\" alt=\"\" class=\"wp-image-191\" srcset=\"https:\/\/reparacioneskairos.com\/wp-content\/uploads\/2020\/04\/reparaciones-alquiler3-1024x138.jpg 1024w, https:\/\/reparacioneskairos.com\/wp-content\/uploads\/2020\/04\/reparaciones-alquiler3-300x40.jpg 300w, https:\/\/reparacioneskairos.com\/wp-content\/uploads\/2020\/04\/reparaciones-alquiler3-768x103.jpg 768w, https:\/\/reparacioneskairos.com\/wp-content\/uploads\/2020\/04\/reparaciones-alquiler3-1536x207.jpg 1536w, https:\/\/reparacioneskairos.com\/wp-content\/uploads\/2020\/04\/reparaciones-alquiler3.jpg 1998w\" sizes=\"auto, (max-width: 1024px) 100vw, 1024px\" \/><\/figure><\/div>\n\n\n\n<div style=\"height:26px\" aria-hidden=\"true\" class=\"wp-block-spacer\"><\/div>\n\n\n\n<h4 class=\"wp-block-heading\">Reparaciones del Hogar<\/h4>\n\n\n\n<p style=\"font-size:18px\">Contamos con profesionales de los principales gremios para resolver todas las reparaciones de tu hogar y a precios competitivos.<\/p>\n\n\n\n<p style=\"font-size:18px\">Nos ocupamos de la reforma integral de tu vivienda, cocina o ba\u00f1o de forma r\u00e1pida y eficaz y centralizando todos los gremios y profesionales necesarios. Profesionalidad y garant\u00edas para las familias.<\/p>\n\n\n\n<div style=\"height:65px\" aria-hidden=\"true\" class=\"wp-block-spacer\"><\/div>\n\n\n\n<h4 class=\"has-text-align-center wp-block-heading\"><strong>\u00a1Contacta con nosotros!<\/strong><\/h4>\n\n\n\n<div class=\"wp-block-image\"><figure class=\"aligncenter size-large is-resized\"><img loading=\"lazy\" decoding=\"async\" src=\"https:\/\/reparacioneskairos.com\/wp-content\/uploads\/2020\/04\/contacto3.png\" alt=\"\" class=\"wp-image-180\" width=\"248\" height=\"113\" srcset=\"https:\/\/reparacioneskairos.com\/wp-content\/uploads\/2020\/04\/contacto3.png 699w, https:\/\/reparacioneskairos.com\/wp-content\/uploads\/2020\/04\/contacto3-300x137.png 300w\" sizes=\"auto, (max-width: 248px) 100vw, 248px\" \/><\/figure><\/div>\n\n\n\n<p class=\"has-text-align-center has-medium-font-size\">Ll\u00e1manos al  <strong>954788719<\/strong>, o tambi\u00e9n puedes ponerte en contacto en nuestra direcci\u00f3n de correo electr\u00f3nico <strong>info@reparacioneskairos.es<\/strong><\/p>\n","protected":false},"excerpt":{"rendered":"<p>Mantenimiento del hogar, reparaciones y reformas En Reparaciones KAIROS cuentas con el mejor apoyo para resolver las necesidades de mantenimiento de tu hogar. Desde las labores m\u00e1s sencillas como colgar un cuadro hasta reformas integrales de viviendas. Siempre de la mano de profesionales de confianza y con la garant\u00eda de contar con el respaldo de [&hellip;]<\/p>\n","protected":false},"author":1,"featured_media":0,"parent":0,"menu_order":0,"comment_status":"closed","ping_status":"closed","template":"","meta":{"footnotes":""},"class_list":["post-12","page","type-page","status-publish","hentry"],"jetpack_sharing_enabled":true,"_links":{"self":[{"href":"https:\/\/reparacioneskairos.com\/index.php?rest_route=\/wp\/v2\/pages\/12","targetHints":{"allow":["GET"]}}],"collection":[{"href":"https:\/\/reparacioneskairos.com\/index.php?rest_route=\/wp\/v2\/pages"}],"about":[{"href":"https:\/\/reparacioneskairos.com\/index.php?rest_route=\/wp\/v2\/types\/page"}],"author":[{"embeddable":true,"href":"https:\/\/reparacioneskairos.com\/index.php?rest_route=\/wp\/v2\/users\/1"}],"replies":[{"embeddable":true,"href":"https:\/\/reparacioneskairos.com\/index.php?rest_route=%2Fwp%2Fv2%2Fcomments&post=12"}],"version-history":[{"count":19,"href":"https:\/\/reparacioneskairos.com\/index.php?rest_route=\/wp\/v2\/pages\/12\/revisions"}],"predecessor-version":[{"id":195,"href":"https:\/\/reparacioneskairos.com\/index.php?rest_route=\/wp\/v2\/pages\/12\/revisions\/195"}],"wp:attachment":[{"href":"https:\/\/reparacioneskairos.com\/index.php?rest_route=%2Fwp%2Fv2%2Fmedia&parent=12"}],"curies":[{"name":"wp","href":"https:\/\/api.w.org\/{rel}","templated":true}]}}