{"id":13,"date":"2020-02-27T15:19:03","date_gmt":"2020-02-27T15:19:03","guid":{"rendered":"http:\/\/reparacioneskairos.com\/?page_id=13"},"modified":"2020-04-22T15:04:53","modified_gmt":"2020-04-22T15:04:53","slug":"contacto","status":"publish","type":"page","link":"https:\/\/reparacioneskairos.com\/?page_id=13","title":{"rendered":"Contacto"},"content":{"rendered":"\n<div style=\"height:28px\" aria-hidden=\"true\" class=\"wp-block-spacer\"><\/div>\n\n\n\n<figure class=\"wp-block-image size-large\"><img loading=\"lazy\" decoding=\"async\" width=\"854\" height=\"275\" src=\"https:\/\/reparacioneskairos.com\/wp-content\/uploads\/2020\/04\/contacto2.png\" alt=\"\" class=\"wp-image-153\" srcset=\"https:\/\/reparacioneskairos.com\/wp-content\/uploads\/2020\/04\/contacto2.png 854w, https:\/\/reparacioneskairos.com\/wp-content\/uploads\/2020\/04\/contacto2-300x97.png 300w, https:\/\/reparacioneskairos.com\/wp-content\/uploads\/2020\/04\/contacto2-768x247.png 768w\" sizes=\"auto, (max-width: 854px) 100vw, 854px\" \/><\/figure>\n\n\n\n<p class=\"has-medium-font-size\"><strong>Te atendemos al instante<\/strong><\/p>\n\n\n\n<p class=\"has-medium-font-size\">Porque sabemos que tu tiempo es oro, nuestro equipo de teleoperadores atender\u00e1 tus necesidades al instante, ofreci\u00e9ndote la mejor soluci\u00f3n de forma inmediata.<\/p>\n\n\n\n<p class=\"has-medium-font-size\">Ll\u00e1manos al  <strong>620871549<\/strong>, o tambi\u00e9n puedes ponerte en contacto en nuestra direcci\u00f3n de correo electr\u00f3nico <strong>info@reparacioneskairos.es<\/strong><\/p>\n\n\n\n<p class=\"has-medium-font-size\"><strong>Si\u00e9ntete en buenas manos<\/strong><\/p>\n\n\n\n<div style=\"height:72px\" aria-hidden=\"true\" class=\"wp-block-spacer\"><\/div>\n\n\n\n<figure class=\"wp-block-image size-large\"><img loading=\"lazy\" decoding=\"async\" width=\"1024\" height=\"171\" src=\"https:\/\/reparacioneskairos.com\/wp-content\/uploads\/2020\/04\/image-1024x171.png\" alt=\"\" class=\"wp-image-130\" srcset=\"https:\/\/reparacioneskairos.com\/wp-content\/uploads\/2020\/04\/image-1024x171.png 1024w, https:\/\/reparacioneskairos.com\/wp-content\/uploads\/2020\/04\/image-300x50.png 300w, https:\/\/reparacioneskairos.com\/wp-content\/uploads\/2020\/04\/image-768x128.png 768w, https:\/\/reparacioneskairos.com\/wp-content\/uploads\/2020\/04\/image.png 1097w\" sizes=\"auto, (max-width: 1024px) 100vw, 1024px\" \/><\/figure>\n","protected":false},"excerpt":{"rendered":"<p>Te atendemos al instante Porque sabemos que tu tiempo es oro, nuestro equipo de teleoperadores atender\u00e1 tus necesidades al instante, ofreci\u00e9ndote la mejor soluci\u00f3n de forma inmediata.<\/p>\n","protected":false},"author":1,"featured_media":0,"parent":0,"menu_order":0,"comment_status":"closed","ping_status":"closed","template":"","meta":{"footnotes":""},"class_list":["post-13","page","type-page","status-publish","hentry"],"jetpack_sharing_enabled":true,"_links":{"self":[{"href":"https:\/\/reparacioneskairos.com\/index.php?rest_route=\/wp\/v2\/pages\/13","targetHints":{"allow":["GET"]}}],"collection":[{"href":"https:\/\/reparacioneskairos.com\/index.php?rest_route=\/wp\/v2\/pages"}],"about":[{"href":"https:\/\/reparacioneskairos.com\/index.php?rest_route=\/wp\/v2\/types\/page"}],"author":[{"embeddable":true,"href":"https:\/\/reparacioneskairos.com\/index.php?rest_route=\/wp\/v2\/users\/1"}],"replies":[{"embeddable":true,"href":"https:\/\/reparacioneskairos.com\/index.php?rest_route=%2Fwp%2Fv2%2Fcomments&post=13"}],"version-history":[{"count":17,"href":"https:\/\/reparacioneskairos.com\/index.php?rest_route=\/wp\/v2\/pages\/13\/revisions"}],"predecessor-version":[{"id":177,"href":"https:\/\/reparacioneskairos.com\/index.php?rest_route=\/wp\/v2\/pages\/13\/revisions\/177"}],"wp:attachment":[{"href":"https:\/\/reparacioneskairos.com\/index.php?rest_route=%2Fwp%2Fv2%2Fmedia&parent=13"}],"curies":[{"name":"wp","href":"https:\/\/api.w.org\/{rel}","templated":true}]}}